{"id":1306,"date":"2023-06-24T22:07:29","date_gmt":"2023-06-24T20:07:29","guid":{"rendered":"http:\/\/osoindesoi.com\/?page_id=1306"},"modified":"2025-12-02T11:51:47","modified_gmt":"2025-12-02T10:51:47","slug":"accueil","status":"publish","type":"page","link":"https:\/\/osoindesoi.com\/index.php\/accueil\/","title":{"rendered":"ACCUEIL"},"content":{"rendered":"<div class=\"wp-block-image\">\n<figure class=\"aligncenter size-large\"><img loading=\"lazy\" decoding=\"async\" width=\"768\" height=\"1024\" src=\"https:\/\/osoindesoi.com\/wp-content\/uploads\/2025\/12\/250-768x1024.jpg\" alt=\"\" class=\"wp-image-1501\" srcset=\"https:\/\/osoindesoi.com\/wp-content\/uploads\/2025\/12\/250-768x1024.jpg 768w, https:\/\/osoindesoi.com\/wp-content\/uploads\/2025\/12\/250-225x300.jpg 225w, https:\/\/osoindesoi.com\/wp-content\/uploads\/2025\/12\/250-1152x1536.jpg 1152w, https:\/\/osoindesoi.com\/wp-content\/uploads\/2025\/12\/250.jpg 1500w\" sizes=\"auto, (max-width: 768px) 100vw, 768px\" \/><\/figure><\/div>\n\n\n<p class=\"has-text-align-center\">Bienvenue sur les site O SOIN DE SOI<\/p>\n\n\n\n<p class=\"has-text-align-center\">Je vous propose des soins de bien-\u00eatre et \u00e9nerg\u00e9tiques \u00e0 votre domicile ou \u00e0 mon salon sur Fervaques .<\/p>\n\n\n\n<p class=\"has-text-align-center\"> J&rsquo;exerce ce m\u00e9tier depuis 20 ans et mon envie est de vous apporter du bien-\u00eatre , de vous accompagner dans votre d\u00e9veloppement personnel ou pour vous aider dans un moment difficile .  Un moment rien que pour vous , pour petits et grands  qui vous permettra de sortir du quotidien et de nos vies bien stressantes.<\/p>\n\n\n\n<p class=\"has-text-align-center\">J&rsquo;utilise des produits naturels et bio afin de convenir \u00e0 tous . Les ch\u00e8ques cadeaux sont aussi disponibles et valables 1 an .<\/p>\n\n\n\n<p class=\"has-text-align-center\">Au plaisir de vous retrouver , Elodie .<\/p>\n\n\n\n<figure class=\"wp-block-image size-large\"><img loading=\"lazy\" decoding=\"async\" width=\"771\" height=\"1024\" src=\"https:\/\/osoindesoi.com\/wp-content\/uploads\/2025\/12\/6546-771x1024.jpg\" alt=\"\" class=\"wp-image-1504\" srcset=\"https:\/\/osoindesoi.com\/wp-content\/uploads\/2025\/12\/6546-771x1024.jpg 771w, https:\/\/osoindesoi.com\/wp-content\/uploads\/2025\/12\/6546-226x300.jpg 226w, https:\/\/osoindesoi.com\/wp-content\/uploads\/2025\/12\/6546-768x1020.jpg 768w, https:\/\/osoindesoi.com\/wp-content\/uploads\/2025\/12\/6546-1157x1536.jpg 1157w, https:\/\/osoindesoi.com\/wp-content\/uploads\/2025\/12\/6546-1542x2048.jpg 1542w, https:\/\/osoindesoi.com\/wp-content\/uploads\/2025\/12\/6546-scaled.jpg 1928w\" sizes=\"auto, (max-width: 771px) 100vw, 771px\" \/><\/figure>\n","protected":false},"excerpt":{"rendered":"<p>Bienvenue sur les site O SOIN DE SOI Je vous propose des soins de bien-\u00eatre et \u00e9nerg\u00e9tiques \u00e0 votre domicile ou \u00e0 mon salon sur Fervaques . J&rsquo;exerce ce m\u00e9tier depuis 20 ans et mon envie est de vous apporter du bien-\u00eatre , de vous accompagner dans votre d\u00e9veloppement personnel ou pour vous aider dans un moment difficile . Un moment rien que pour vous , pour petits et grands qui vous permettra de sortir du quotidien et de nos vies bien stressantes. J&rsquo;utilise des produits naturels et bio afin de convenir \u00e0 tous . Les ch\u00e8ques cadeaux sont aussi &hellip; <\/p>\n","protected":false},"author":1,"featured_media":0,"parent":0,"menu_order":0,"comment_status":"closed","ping_status":"closed","template":"","meta":{"footnotes":""},"class_list":["post-1306","page","type-page","status-publish","hentry"],"_links":{"self":[{"href":"https:\/\/osoindesoi.com\/index.php\/wp-json\/wp\/v2\/pages\/1306","targetHints":{"allow":["GET"]}}],"collection":[{"href":"https:\/\/osoindesoi.com\/index.php\/wp-json\/wp\/v2\/pages"}],"about":[{"href":"https:\/\/osoindesoi.com\/index.php\/wp-json\/wp\/v2\/types\/page"}],"author":[{"embeddable":true,"href":"https:\/\/osoindesoi.com\/index.php\/wp-json\/wp\/v2\/users\/1"}],"replies":[{"embeddable":true,"href":"https:\/\/osoindesoi.com\/index.php\/wp-json\/wp\/v2\/comments?post=1306"}],"version-history":[{"count":7,"href":"https:\/\/osoindesoi.com\/index.php\/wp-json\/wp\/v2\/pages\/1306\/revisions"}],"predecessor-version":[{"id":1507,"href":"https:\/\/osoindesoi.com\/index.php\/wp-json\/wp\/v2\/pages\/1306\/revisions\/1507"}],"wp:attachment":[{"href":"https:\/\/osoindesoi.com\/index.php\/wp-json\/wp\/v2\/media?parent=1306"}],"curies":[{"name":"wp","href":"https:\/\/api.w.org\/{rel}","templated":true}]}}