{"id":1161,"date":"2023-04-11T17:38:11","date_gmt":"2023-04-11T15:38:11","guid":{"rendered":"http:\/\/osoindk.cluster029.hosting.ovh.net\/ftp.cluster029.hosting.ovh.net\/?page_id=1160"},"modified":"2026-02-27T12:08:29","modified_gmt":"2026-02-27T11:08:29","slug":"soins-energetiques","status":"publish","type":"page","link":"https:\/\/osoindesoi.com\/index.php\/soins-energetiques\/","title":{"rendered":"SOINS ENERGETIQUES"},"content":{"rendered":"\n<p class=\"has-text-align-center\"><strong><mark style=\"background-color:rgba(0, 0, 0, 0)\" class=\"has-inline-color has-light-green-cyan-color\">LAHOCHI     1H 50\u20ac<\/mark><\/strong><\/p>\n\n\n\n<p class=\"has-text-align-center\">Le LAHOCHI est une technique de soin \u00e9nerg\u00e9tique transmise par canalisation en apposition des mains . <\/p>\n\n\n\n<p class=\"has-text-align-center\">Le son \u00ab\u00a0La\u00a0\u00bb fait r\u00e9f\u00e9rence \u00e0 la lumi\u00e8re, l&rsquo;amour et la sagesse.<\/p>\n\n\n\n<p class=\"has-text-align-center\">                                       Le son \u00ab\u00a0Ho\u00a0\u00bb fait r\u00e9f\u00e9rence au mouvement de cette \u00e9nergie .<\/p>\n\n\n\n<p class=\"has-text-align-center\">                                      Le son \u00ab\u00a0Chi\u00a0\u00bb est la force qui permet la manifestation de la vie.<\/p>\n\n\n\n<p class=\"has-text-align-center\">Le Lahochi peut \u00eatre utilis\u00e9 pour la gu\u00e9rison de tout ce qui est vivant sur terre : les humains ,les animaux, les plantes, les pierres&#8230;..<\/p>\n\n\n\n<p class=\"has-text-align-center\">Ses bienfaits sont multiples:<\/p>\n\n\n\n<p class=\"has-text-align-center\">-Renforce et acc\u00e9l\u00e8re le processus naturel de gu\u00e9rison<\/p>\n\n\n\n<p class=\"has-text-align-center\">-Vitalise le corps et l&rsquo;esprit<\/p>\n\n\n\n<p class=\"has-text-align-center\">-Nettoie le corps de ses toxines<\/p>\n\n\n\n<p class=\"has-text-align-center\">                                         -R\u00e9tablit l&rsquo;harmonie psychique et le bien-\u00eatre de l&rsquo;\u00e2me<\/p>\n\n\n\n<p class=\"has-text-align-center\">                                                             -Ouvre et nettoie les chakras<\/p>\n\n\n\n<p class=\"has-text-align-center\">                                                           -R\u00e9gule le syst\u00e8me \u00e9nerg\u00e9tique<\/p>\n\n\n\n<p class=\"has-text-align-center\">                                      -Ouvre et dissout les blocages dans les corps d&rsquo;\u00e9nergie subtils<\/p>\n\n\n\n<p class=\"has-text-align-center\">Plusieurs s\u00e9ances peuvent \u00eatre n\u00e9cessaires en fonction des personnes<\/p>\n\n\n<figure class=\"wp-block-image aligncenter size-full is-resized\"><img loading=\"lazy\" decoding=\"async\" width=\"940\" height=\"788\" class=\"wp-image-1240\" style=\"width: 394px; height: 330px;\" src=\"https:\/\/osoindesoi.com\/wp-content\/uploads\/2023\/06\/Sans-titre-15.png\" alt=\"\" srcset=\"https:\/\/osoindesoi.com\/wp-content\/uploads\/2023\/06\/Sans-titre-15.png 940w, https:\/\/osoindesoi.com\/wp-content\/uploads\/2023\/06\/Sans-titre-15-300x251.png 300w, https:\/\/osoindesoi.com\/wp-content\/uploads\/2023\/06\/Sans-titre-15-768x644.png 768w, https:\/\/osoindesoi.com\/wp-content\/uploads\/2023\/06\/Sans-titre-15-72x60.png 72w\" sizes=\"auto, (max-width: 940px) 100vw, 940px\" \/><\/figure>\n\n\n<p class=\"has-text-align-center\"><\/p>\n\n\n\n<p><\/p>\n\n\n\n<hr class=\"wp-block-separator has-alpha-channel-opacity\"\/>\n\n\n\n<p><\/p>\n\n\n\n<p class=\"has-text-align-center\"><strong><mark style=\"background-color:rgba(0, 0, 0, 0)\" class=\"has-inline-color has-light-green-cyan-color\">MASSAGE METAMORPHIQUE 1h 50\u20ac<\/mark><\/strong><\/p>\n\n\n\n<p><\/p>\n\n\n\n<p class=\"has-text-align-center\">La technique m\u00e9tamorphique est issue de la r\u00e9flexologie qui consiste en un effleurage tr\u00e8s doux des points r\u00e9flexes de la colonne vert\u00e9brale au niveau des pieds , des mains et de la t\u00eate . De par ce massage , notre corps se reconnecte avec ses anciennes m\u00e9moires, avec sa p\u00e9riode pr\u00e9natale afin de nettoyer ce qui  a pu fa\u00e7onner la personnalit\u00e9 et parfois la bloquer , au point de faire \u00e9merger des troubles psychiques et physiques. Il permettra de refaire circuler l&rsquo;\u00e9nergie et d&rsquo;activer le processus d&rsquo;auto-gu\u00e9rison et d&rsquo;apporter un mieux-\u00eatre . Il est applicable \u00e0 tout le monde et sans contre- indications:<\/p>\n\n\n\n<p class=\"has-text-align-center\">Personnes d\u00e9sireuse de faire la paix avec son pass\u00e9 ; <\/p>\n\n\n\n<p class=\"has-text-align-center\">femme enceintes pour att\u00e9nuer stress et anxi\u00e9t\u00e9 et permettre au foetus de se former sans le surplus de tension des parents<\/p>\n\n\n\n<p class=\"has-text-align-center\">Enfants , adolescents<\/p>\n\n\n\n<p class=\"has-text-align-center\">Personnes atteintes de maladies g\u00e9n\u00e9tiques, trisomie, autisme etc&#8230;..<\/p>\n\n\n\n<p class=\"has-text-align-center\">Personnes hyperactives , hypersensibles avec troubles du sommeil<\/p>\n\n\n\n<p class=\"has-text-align-center\">Personnes en d\u00e9pression , ayant eu un choc \u00e9motionnel (deuil, divorce accident etc&#8230;..)<\/p>\n\n\n<figure class=\"wp-block-image aligncenter size-full is-resized\"><img loading=\"lazy\" decoding=\"async\" width=\"940\" height=\"788\" class=\"wp-image-1285\" style=\"width: 421px; height: 353px;\" src=\"https:\/\/osoindesoi.com\/wp-content\/uploads\/2023\/06\/2.png\" alt=\"\" srcset=\"https:\/\/osoindesoi.com\/wp-content\/uploads\/2023\/06\/2.png 940w, https:\/\/osoindesoi.com\/wp-content\/uploads\/2023\/06\/2-300x251.png 300w, https:\/\/osoindesoi.com\/wp-content\/uploads\/2023\/06\/2-768x644.png 768w, https:\/\/osoindesoi.com\/wp-content\/uploads\/2023\/06\/2-72x60.png 72w\" sizes=\"auto, (max-width: 940px) 100vw, 940px\" \/><\/figure>\n\n\n<hr class=\"wp-block-separator has-alpha-channel-opacity\"\/>\n\n\n\n<p class=\"has-text-align-center has-light-green-cyan-color has-text-color has-link-color wp-elements-0527699cc415de33b936630e490dc103\"><strong>SOIN ARBRE DE VIE 1H15 55\u20ac<\/strong><\/p>\n\n\n\n<p class=\"has-text-align-center has-black-color has-text-color has-link-color wp-elements-5ae454bf2776db03a2ce1a254823073c\">En m\u00e9decine traditionnelle chinoise , la colonne vert\u00e9brale est l&rsquo;arbre de vie ! Le m\u00e9ridien de la vessie est le plus long du corps humain, sur le dos il y a de nombreux points . Il est form\u00e9 en 2 chaines parall\u00e8les le long de la colonne .En travaillant sur le m\u00e9ridien de la vessie er des reins , on va pouvoir \u00e9vacuer , lib\u00e9rer les anciens sch\u00e9mas ,les m\u00e9moires stagnantes.<\/p>\n\n\n\n<p class=\"has-text-align-center\">Ses actions vont agir :<\/p>\n\n\n\n<p class=\"has-text-align-center\">-au niveau \u00e9motionnel : les \u00e9motions s&rsquo;impriment dans le corps et la colonne vert\u00e9brale est le reflet des \u00e9motions.<\/p>\n\n\n\n<p class=\"has-text-align-center\">-au niveau physique : agit sur les tensions , douleurs , noeuds.<\/p>\n\n\n\n<p class=\"has-text-align-center\">-au niveau organique : de la colonne partent beaucoup de nerfs qui vont innerver les organes. Ainsi chaque vert\u00e8bre correspondrait un ou plusieurs organes ou une fonction du corps humain . <\/p>\n\n\n<div class=\"wp-block-image\">\n<figure class=\"aligncenter size-full is-resized\"><img loading=\"lazy\" decoding=\"async\" width=\"940\" height=\"788\" src=\"https:\/\/osoindesoi.com\/wp-content\/uploads\/2025\/01\/Design-sans-titre-6.png\" alt=\"\" class=\"wp-image-1441\" style=\"width:452px;height:auto\" srcset=\"https:\/\/osoindesoi.com\/wp-content\/uploads\/2025\/01\/Design-sans-titre-6.png 940w, https:\/\/osoindesoi.com\/wp-content\/uploads\/2025\/01\/Design-sans-titre-6-300x251.png 300w, https:\/\/osoindesoi.com\/wp-content\/uploads\/2025\/01\/Design-sans-titre-6-768x644.png 768w\" sizes=\"auto, (max-width: 940px) 100vw, 940px\" \/><\/figure><\/div>\n\n\n<hr class=\"wp-block-separator has-alpha-channel-opacity\"\/>\n\n\n\n<p class=\"has-text-align-center has-light-green-cyan-color has-text-color has-link-color wp-elements-d004ec95f14f5302e5f044a572c9d5ef\">RELAXATION AMERINDIENNE 1H 50\u20ac<\/p>\n\n\n\n<p class=\"has-text-align-center\">La relaxation Am\u00e9rindienne a pour but de r\u00e9\u00e9quilibrer les polarit\u00e9s avant\/arri\u00e8re, droite \/ gauche , de stimuler les m\u00e9ridiens , les zones r\u00e9flexes en lien avec les chakras et de d\u00e9bloquer l&rsquo;\u00e9nergie . Elle consiste en un toucher statique sur 9 positions d&rsquo;une dur\u00e9e de 5 mn chacune sur les 2 pieds .<\/p>\n\n\n\n<p class=\"has-text-align-center\">Ses effets: <\/p>\n\n\n\n<p class=\"has-text-align-center\">-relaxation profonde <\/p>\n\n\n\n<p class=\"has-text-align-center\">-mieux appr\u00e9hender une situation de stress , anxi\u00e9t\u00e9 (op\u00e9ration, examen ,entretien)<\/p>\n\n\n\n<p class=\"has-text-align-center\">-soulager des douleurs <\/p>\n\n\n\n<p class=\"has-text-align-center\">-am\u00e9liorer les probl\u00e8mes de sommeil<\/p>\n\n\n\n<p class=\"has-text-align-center\">-se ressourcer<\/p>\n\n\n\n<p class=\"has-text-align-center\">-agit sur les \u00e9motions, permet de se lib\u00e9rer pendant ou apr\u00e8s le soin<\/p>\n\n\n<div class=\"wp-block-image\">\n<figure class=\"aligncenter size-full is-resized\"><img loading=\"lazy\" decoding=\"async\" width=\"940\" height=\"788\" src=\"https:\/\/osoindesoi.com\/wp-content\/uploads\/2025\/01\/Design-sans-titre-7.png\" alt=\"\" class=\"wp-image-1447\" style=\"width:451px;height:auto\" srcset=\"https:\/\/osoindesoi.com\/wp-content\/uploads\/2025\/01\/Design-sans-titre-7.png 940w, https:\/\/osoindesoi.com\/wp-content\/uploads\/2025\/01\/Design-sans-titre-7-300x251.png 300w, https:\/\/osoindesoi.com\/wp-content\/uploads\/2025\/01\/Design-sans-titre-7-768x644.png 768w\" sizes=\"auto, (max-width: 940px) 100vw, 940px\" \/><\/figure><\/div>\n\n\n<hr class=\"wp-block-separator has-alpha-channel-opacity\"\/>\n\n\n\n<p class=\"has-text-align-center has-light-green-cyan-color has-text-color has-link-color wp-elements-3860d17590db43ed0ef0bbc730fa476c\"><\/p>\n\n\n\n<p><\/p>\n","protected":false},"excerpt":{"rendered":"<p>LAHOCHI 1H 50\u20ac Le LAHOCHI est une technique de soin \u00e9nerg\u00e9tique transmise par canalisation en apposition des mains . Le son \u00ab\u00a0La\u00a0\u00bb fait r\u00e9f\u00e9rence \u00e0 la lumi\u00e8re, l&rsquo;amour et la sagesse. Le son \u00ab\u00a0Ho\u00a0\u00bb fait r\u00e9f\u00e9rence au mouvement de cette \u00e9nergie . Le son \u00ab\u00a0Chi\u00a0\u00bb est la force qui permet la manifestation de la vie. Le Lahochi peut \u00eatre utilis\u00e9 pour la gu\u00e9rison de tout ce qui est vivant sur terre : les humains ,les animaux, les plantes, les pierres&#8230;.. Ses bienfaits sont multiples: -Renforce et acc\u00e9l\u00e8re le processus naturel de gu\u00e9rison -Vitalise le corps et l&rsquo;esprit -Nettoie le corps &hellip; <\/p>\n","protected":false},"author":1,"featured_media":0,"parent":0,"menu_order":0,"comment_status":"closed","ping_status":"closed","template":"","meta":{"footnotes":""},"class_list":["post-1161","page","type-page","status-publish","hentry"],"_links":{"self":[{"href":"https:\/\/osoindesoi.com\/index.php\/wp-json\/wp\/v2\/pages\/1161","targetHints":{"allow":["GET"]}}],"collection":[{"href":"https:\/\/osoindesoi.com\/index.php\/wp-json\/wp\/v2\/pages"}],"about":[{"href":"https:\/\/osoindesoi.com\/index.php\/wp-json\/wp\/v2\/types\/page"}],"author":[{"embeddable":true,"href":"https:\/\/osoindesoi.com\/index.php\/wp-json\/wp\/v2\/users\/1"}],"replies":[{"embeddable":true,"href":"https:\/\/osoindesoi.com\/index.php\/wp-json\/wp\/v2\/comments?post=1161"}],"version-history":[{"count":17,"href":"https:\/\/osoindesoi.com\/index.php\/wp-json\/wp\/v2\/pages\/1161\/revisions"}],"predecessor-version":[{"id":1487,"href":"https:\/\/osoindesoi.com\/index.php\/wp-json\/wp\/v2\/pages\/1161\/revisions\/1487"}],"wp:attachment":[{"href":"https:\/\/osoindesoi.com\/index.php\/wp-json\/wp\/v2\/media?parent=1161"}],"curies":[{"name":"wp","href":"https:\/\/api.w.org\/{rel}","templated":true}]}}