{"id":1159,"date":"2023-04-11T17:37:30","date_gmt":"2023-04-11T15:37:30","guid":{"rendered":"http:\/\/osoindk.cluster029.hosting.ovh.net\/ftp.cluster029.hosting.ovh.net\/?page_id=1156"},"modified":"2026-02-27T12:11:20","modified_gmt":"2026-02-27T11:11:20","slug":"soin-visage","status":"publish","type":"page","link":"https:\/\/osoindesoi.com\/index.php\/soin-visage\/","title":{"rendered":"SOINS VISAGE"},"content":{"rendered":"<div class=\"wp-block-image\">\n<figure class=\"aligncenter size-full\"><img loading=\"lazy\" decoding=\"async\" width=\"940\" height=\"788\" src=\"https:\/\/osoindesoi.com\/wp-content\/uploads\/2023\/06\/Sans-titre-14.png\" alt=\"\" class=\"wp-image-1241\" srcset=\"https:\/\/osoindesoi.com\/wp-content\/uploads\/2023\/06\/Sans-titre-14.png 940w, https:\/\/osoindesoi.com\/wp-content\/uploads\/2023\/06\/Sans-titre-14-300x251.png 300w, https:\/\/osoindesoi.com\/wp-content\/uploads\/2023\/06\/Sans-titre-14-768x644.png 768w, https:\/\/osoindesoi.com\/wp-content\/uploads\/2023\/06\/Sans-titre-14-72x60.png 72w\" sizes=\"auto, (max-width: 940px) 100vw, 940px\" \/><\/figure><\/div>\n\n\n<figure class=\"wp-block-pullquote\"><blockquote><p>           <strong>  \u00ab\u00a0Si vous aimez les plantes et les huiles essentielles , si vous privil\u00e9giez le contenu au contenant alors vous adorerez Beaut\u00e9 Simple<\/strong>\u00ab\u00a0.<br><\/p><\/blockquote><\/figure>\n\n\n\n<p class=\"has-text-align-center\">(Tous les soins visage comprennent un massage des jambes ou mains ou cr\u00e2nien selon vos pr\u00e9f\u00e9rences)<\/p>\n\n\n\n<p class=\"has-text-align-center\"><\/p>\n\n\n\n<p><\/p>\n\n\n\n<p><\/p>\n\n\n\n<p><\/p>\n\n\n\n<p class=\"has-text-align-center\"><strong><mark style=\"background-color:rgba(0, 0, 0, 0)\" class=\"has-inline-color has-light-green-cyan-color\">Soin Visage en fonction du type de peau  1h 40\u20ac<\/mark><\/strong><\/p>\n\n\n\n<p class=\"has-text-align-center\">( nettoyage , gommage , massage , masque et cr\u00e8me de jour )<\/p>\n\n\n\n<hr class=\"wp-block-separator has-alpha-channel-opacity\"\/>\n\n\n\n<p class=\"has-text-align-center\"><strong><mark style=\"background-color:rgba(0, 0, 0, 0)\" class=\"has-inline-color has-light-green-cyan-color\">Soin visage Slow Cosm\u00e9tique   1h30   50\u20ac<\/mark><\/strong><\/p>\n\n\n\n<p class=\"has-text-align-center\">(nettoyage, microdermabrasion v\u00e9g\u00e9tale , masque aux argiles , massage , cr\u00e8me de jour <\/p>\n\n\n\n<p class=\"has-text-align-center\">Pendant les pauses de microdermabrasion et de masque , vous profiterez d&rsquo;un massage du dos et d&rsquo;un massage des jambes )<\/p>\n\n\n<div class=\"wp-block-image\">\n<figure class=\"aligncenter size-full is-resized\"><img loading=\"lazy\" decoding=\"async\" width=\"940\" height=\"788\" src=\"https:\/\/osoindesoi.com\/wp-content\/uploads\/2023\/06\/microdermabasion-vegetale.png\" alt=\"\" class=\"wp-image-1275\" style=\"width:415px;height:348px\" srcset=\"https:\/\/osoindesoi.com\/wp-content\/uploads\/2023\/06\/microdermabasion-vegetale.png 940w, https:\/\/osoindesoi.com\/wp-content\/uploads\/2023\/06\/microdermabasion-vegetale-300x251.png 300w, https:\/\/osoindesoi.com\/wp-content\/uploads\/2023\/06\/microdermabasion-vegetale-768x644.png 768w, https:\/\/osoindesoi.com\/wp-content\/uploads\/2023\/06\/microdermabasion-vegetale-72x60.png 72w\" sizes=\"auto, (max-width: 940px) 100vw, 940px\" \/><\/figure><\/div>\n\n\n<hr class=\"wp-block-separator has-alpha-channel-opacity\"\/>\n\n\n\n<p class=\"has-text-align-center\"><mark style=\"background-color:rgba(0, 0, 0, 0)\" class=\"has-inline-color has-light-green-cyan-color\"><strong>Soin visage liftant anti-\u00e2ge japonais<\/strong> <\/mark> <\/p>\n\n\n\n<p class=\"has-text-align-center\">Option massage seul 1h 40\u20ac<\/p>\n\n\n\n<p class=\"has-text-align-center\">Option soin visage 1h30 50\u20ac<\/p>\n\n\n\n<p class=\"has-text-align-center\">(Massage tonique du visage avec alternance de maneoeuvres liftantes, digitopressions et drainage . Permet de retrouver un teint plus lumineux , lutte contre le vieillissement , lisse les traits , repulpe le teint).<\/p>\n\n\n\n<figure class=\"wp-block-image size-full is-resized\"><img loading=\"lazy\" decoding=\"async\" width=\"940\" height=\"788\" src=\"https:\/\/osoindesoi.com\/wp-content\/uploads\/2023\/06\/Sans-titre-12.png\" alt=\"\" class=\"wp-image-1243\" style=\"width:434px;height:364px\" srcset=\"https:\/\/osoindesoi.com\/wp-content\/uploads\/2023\/06\/Sans-titre-12.png 940w, https:\/\/osoindesoi.com\/wp-content\/uploads\/2023\/06\/Sans-titre-12-300x251.png 300w, https:\/\/osoindesoi.com\/wp-content\/uploads\/2023\/06\/Sans-titre-12-768x644.png 768w, https:\/\/osoindesoi.com\/wp-content\/uploads\/2023\/06\/Sans-titre-12-72x60.png 72w\" sizes=\"auto, (max-width: 940px) 100vw, 940px\" \/><\/figure>\n\n\n\n<hr class=\"wp-block-separator has-alpha-channel-opacity\"\/>\n\n\n\n<p class=\"has-text-align-center\"><strong><mark style=\"background-color:rgba(0, 0, 0, 0)\" class=\"has-inline-color has-light-green-cyan-color\">Soin visage Gua Sha avec pierre de Bianshi<\/mark><\/strong><\/p>\n\n\n\n<p class=\"has-text-align-center\">Option massage seul 1h 40\u20ac<\/p>\n\n\n\n<p class=\"has-text-align-center\">Option soin visage 1h30 50\u20ac<\/p>\n\n\n\n<p class=\"has-text-align-center\">( Massage effectu\u00e9 avec une pierre de Bianshi compos\u00e9e du trentaine de min\u00e9raux . Permet de redonner de l&rsquo;\u00e9clat au teint , draine , att\u00e9nue cernes et poches ).<\/p>\n\n\n<div class=\"wp-block-image\">\n<figure class=\"aligncenter size-full is-resized\"><img loading=\"lazy\" decoding=\"async\" width=\"940\" height=\"788\" src=\"https:\/\/osoindesoi.com\/wp-content\/uploads\/2023\/06\/SOIN-GUA-SHA-AVEC-PIERRE-DE-BIANSHI-Publication-Facebook-1.png\" alt=\"\" class=\"wp-image-1278\" style=\"width:390px;height:327px\" srcset=\"https:\/\/osoindesoi.com\/wp-content\/uploads\/2023\/06\/SOIN-GUA-SHA-AVEC-PIERRE-DE-BIANSHI-Publication-Facebook-1.png 940w, https:\/\/osoindesoi.com\/wp-content\/uploads\/2023\/06\/SOIN-GUA-SHA-AVEC-PIERRE-DE-BIANSHI-Publication-Facebook-1-300x251.png 300w, https:\/\/osoindesoi.com\/wp-content\/uploads\/2023\/06\/SOIN-GUA-SHA-AVEC-PIERRE-DE-BIANSHI-Publication-Facebook-1-768x644.png 768w, https:\/\/osoindesoi.com\/wp-content\/uploads\/2023\/06\/SOIN-GUA-SHA-AVEC-PIERRE-DE-BIANSHI-Publication-Facebook-1-72x60.png 72w\" sizes=\"auto, (max-width: 940px) 100vw, 940px\" \/><\/figure><\/div>\n\n\n<hr class=\"wp-block-separator has-alpha-channel-opacity\"\/>\n\n\n\n<p class=\"has-text-align-center\"><strong><mark style=\"background-color:rgba(0, 0, 0, 0)\" class=\"has-inline-color has-light-green-cyan-color\">Soin du dos 1h 39\u20ac<\/mark><\/strong><\/p>\n\n\n\n<p class=\"has-text-align-center\">(Nettoyage , gommage , extraction points noirs, masque , cr\u00e8me corps)<\/p>\n\n\n<div class=\"wp-block-image\">\n<figure class=\"aligncenter size-large is-resized\"><img loading=\"lazy\" decoding=\"async\" width=\"768\" height=\"1024\" src=\"https:\/\/osoindesoi.com\/wp-content\/uploads\/2023\/06\/IMG_20200824_153233-768x1024.jpg\" alt=\"\" class=\"wp-image-1279\" style=\"width:405px;height:auto\" srcset=\"https:\/\/osoindesoi.com\/wp-content\/uploads\/2023\/06\/IMG_20200824_153233-768x1024.jpg 768w, https:\/\/osoindesoi.com\/wp-content\/uploads\/2023\/06\/IMG_20200824_153233-225x300.jpg 225w, https:\/\/osoindesoi.com\/wp-content\/uploads\/2023\/06\/IMG_20200824_153233-1152x1536.jpg 1152w, https:\/\/osoindesoi.com\/wp-content\/uploads\/2023\/06\/IMG_20200824_153233-1536x2048.jpg 1536w, https:\/\/osoindesoi.com\/wp-content\/uploads\/2023\/06\/IMG_20200824_153233-45x60.jpg 45w, https:\/\/osoindesoi.com\/wp-content\/uploads\/2023\/06\/IMG_20200824_153233-scaled.jpg 1920w\" sizes=\"auto, (max-width: 768px) 100vw, 768px\" \/><\/figure><\/div>\n\n\n<p><\/p>\n\n\n\n<hr class=\"wp-block-separator has-alpha-channel-opacity\"\/>\n\n\n\n<p class=\"has-text-align-center\"><mark style=\"background-color:rgba(0, 0, 0, 0)\" class=\"has-inline-color has-light-green-cyan-color\">Soins enveloppements corps au beurre de karit\u00e9<\/mark> <\/p>\n\n\n\n<p class=\"has-text-align-center\">Enveloppements au beurre de karit\u00e9 avec couverture chauffante, il permettra de nourrir profond\u00e9ment la peau . Id\u00e9al en hiver pour les peaux tr\u00e8s s\u00e8ches .<\/p>\n\n\n\n<p class=\"has-text-align-center\">Enveloppement seul : 30 mn : 20\u20ac<\/p>\n\n\n\n<p class=\"has-text-align-center\">                                                 Enveloppement + gommage corps (1h) : 40\u20ac<\/p>\n\n\n\n<p class=\"has-text-align-center\">Enveloppement + massage au choix ( visage , cr\u00e2nien , pieds) 30mn : 30\u20ac<\/p>\n\n\n\n<p class=\"has-text-align-center\">Enveloppement + massage \u00e9toile 1h (visage, cr\u00e2nien, pieds et mains ) : 50\u20ac<\/p>\n\n\n<div class=\"wp-block-image\">\n<figure class=\"aligncenter size-large is-resized\"><img loading=\"lazy\" decoding=\"async\" width=\"1024\" height=\"461\" src=\"https:\/\/osoindesoi.com\/wp-content\/uploads\/2024\/03\/1710500064031-1024x461.jpg\" alt=\"\" class=\"wp-image-1386\" style=\"width:589px;height:auto\" srcset=\"https:\/\/osoindesoi.com\/wp-content\/uploads\/2024\/03\/1710500064031-1024x461.jpg 1024w, https:\/\/osoindesoi.com\/wp-content\/uploads\/2024\/03\/1710500064031-300x135.jpg 300w, https:\/\/osoindesoi.com\/wp-content\/uploads\/2024\/03\/1710500064031-768x345.jpg 768w, https:\/\/osoindesoi.com\/wp-content\/uploads\/2024\/03\/1710500064031-1536x691.jpg 1536w, https:\/\/osoindesoi.com\/wp-content\/uploads\/2024\/03\/1710500064031-2048x921.jpg 2048w, https:\/\/osoindesoi.com\/wp-content\/uploads\/2024\/03\/1710500064031-133x60.jpg 133w\" sizes=\"auto, (max-width: 1024px) 100vw, 1024px\" \/><\/figure><\/div>\n\n\n<p><\/p>\n","protected":false},"excerpt":{"rendered":"<p>\u00ab\u00a0Si vous aimez les plantes et les huiles essentielles , si vous privil\u00e9giez le contenu au contenant alors vous adorerez Beaut\u00e9 Simple\u00ab\u00a0. (Tous les soins visage comprennent un massage des jambes ou mains ou cr\u00e2nien selon vos pr\u00e9f\u00e9rences) Soin Visage en fonction du type de peau 1h 40\u20ac ( nettoyage , gommage , massage , masque et cr\u00e8me de jour ) Soin visage Slow Cosm\u00e9tique 1h30 50\u20ac (nettoyage, microdermabrasion v\u00e9g\u00e9tale , masque aux argiles , massage , cr\u00e8me de jour Pendant les pauses de microdermabrasion et de masque , vous profiterez d&rsquo;un massage du dos et d&rsquo;un massage des jambes &hellip; <\/p>\n","protected":false},"author":1,"featured_media":0,"parent":0,"menu_order":0,"comment_status":"closed","ping_status":"closed","template":"","meta":{"footnotes":""},"class_list":["post-1159","page","type-page","status-publish","hentry"],"_links":{"self":[{"href":"https:\/\/osoindesoi.com\/index.php\/wp-json\/wp\/v2\/pages\/1159","targetHints":{"allow":["GET"]}}],"collection":[{"href":"https:\/\/osoindesoi.com\/index.php\/wp-json\/wp\/v2\/pages"}],"about":[{"href":"https:\/\/osoindesoi.com\/index.php\/wp-json\/wp\/v2\/types\/page"}],"author":[{"embeddable":true,"href":"https:\/\/osoindesoi.com\/index.php\/wp-json\/wp\/v2\/users\/1"}],"replies":[{"embeddable":true,"href":"https:\/\/osoindesoi.com\/index.php\/wp-json\/wp\/v2\/comments?post=1159"}],"version-history":[{"count":18,"href":"https:\/\/osoindesoi.com\/index.php\/wp-json\/wp\/v2\/pages\/1159\/revisions"}],"predecessor-version":[{"id":1525,"href":"https:\/\/osoindesoi.com\/index.php\/wp-json\/wp\/v2\/pages\/1159\/revisions\/1525"}],"wp:attachment":[{"href":"https:\/\/osoindesoi.com\/index.php\/wp-json\/wp\/v2\/media?parent=1159"}],"curies":[{"name":"wp","href":"https:\/\/api.w.org\/{rel}","templated":true}]}}